{"id":730,"date":"2022-01-13T21:33:02","date_gmt":"2022-01-13T19:33:02","guid":{"rendered":"https:\/\/pargaspadelhall.fi\/?page_id=730"},"modified":"2022-01-13T21:33:07","modified_gmt":"2022-01-13T19:33:07","slug":"tietosuojakaytanto","status":"publish","type":"page","link":"https:\/\/pargaspadelhall.fi\/fi\/tietosuojakaytanto\/","title":{"rendered":"Tietosuojak\u00e4yt\u00e4nt\u00f6"},"content":{"rendered":"","protected":false},"excerpt":{"rendered":"","protected":false},"author":1,"featured_media":0,"parent":0,"menu_order":99,"comment_status":"closed","ping_status":"closed","template":"","meta":{"footnotes":""},"class_list":["post-730","page","type-page","status-publish","hentry"],"_links":{"self":[{"href":"https:\/\/pargaspadelhall.fi\/fi\/wp-json\/wp\/v2\/pages\/730","targetHints":{"allow":["GET"]}}],"collection":[{"href":"https:\/\/pargaspadelhall.fi\/fi\/wp-json\/wp\/v2\/pages"}],"about":[{"href":"https:\/\/pargaspadelhall.fi\/fi\/wp-json\/wp\/v2\/types\/page"}],"author":[{"embeddable":true,"href":"https:\/\/pargaspadelhall.fi\/fi\/wp-json\/wp\/v2\/users\/1"}],"replies":[{"embeddable":true,"href":"https:\/\/pargaspadelhall.fi\/fi\/wp-json\/wp\/v2\/comments?post=730"}],"version-history":[{"count":0,"href":"https:\/\/pargaspadelhall.fi\/fi\/wp-json\/wp\/v2\/pages\/730\/revisions"}],"wp:attachment":[{"href":"https:\/\/pargaspadelhall.fi\/fi\/wp-json\/wp\/v2\/media?parent=730"}],"curies":[{"name":"wp","href":"https:\/\/api.w.org\/{rel}","templated":true}]}}