{"id":24,"date":"2021-11-22T11:00:49","date_gmt":"2021-11-22T09:00:49","guid":{"rendered":"https:\/\/pargaspadelhall.fi\/paraisten-padelhalli\/"},"modified":"2024-08-20T09:34:22","modified_gmt":"2024-08-20T06:34:22","slug":"paraisten-padelhalli","status":"publish","type":"page","link":"https:\/\/pargaspadelhall.fi\/fi\/","title":{"rendered":"Paraisten Padelhalli"},"content":{"rendered":"\t\t<div data-elementor-type=\"wp-page\" data-elementor-id=\"24\" class=\"elementor elementor-24 elementor-18\" data-elementor-post-type=\"page\">\n\t\t\t\t\t\t<section class=\"elementor-section elementor-top-section elementor-element elementor-element-1c087241 elementor-section-height-min-height elementor-section-content-middle elementor-reverse-mobile elementor-section-items-top elementor-section-boxed elementor-section-height-default\" data-id=\"1c087241\" data-element_type=\"section\" data-e-type=\"section\" data-settings=\"{&quot;background_background&quot;:&quot;classic&quot;}\">\n\t\t\t\t\t\t\t<div class=\"elementor-background-overlay\"><\/div>\n\t\t\t\t\t\t\t<div class=\"elementor-container elementor-column-gap-no\">\n\t\t\t\t\t<div class=\"elementor-column elementor-col-50 elementor-top-column elementor-element elementor-element-46931d3a\" data-id=\"46931d3a\" data-element_type=\"column\" data-e-type=\"column\">\n\t\t\t<div class=\"elementor-widget-wrap elementor-element-populated\">\n\t\t\t\t\t\t<div class=\"elementor-element elementor-element-4a87326 elementor-widget elementor-widget-image\" data-id=\"4a87326\" data-element_type=\"widget\" data-e-type=\"widget\" data-widget_type=\"image.default\">\n\t\t\t\t<div class=\"elementor-widget-container\">\n\t\t\t\t\t\t\t\t\t\t\t\t\t\t\t<img decoding=\"async\" src=\"https:\/\/pargaspadelhall.fi\/wp-content\/uploads\/elementor\/thumbs\/pargas-padelhall-logo-q2b6ye6ghtc9flzvi2xwimcnouxjhcyp9qp1p3zrug.png\" title=\"Paraisten Padelhalli logo\" alt=\"Paraisten Padelhalli logo\" loading=\"lazy\" \/>\t\t\t\t\t\t\t\t\t\t\t\t\t\t\t<\/div>\n\t\t\t\t<\/div>\n\t\t\t\t<div class=\"elementor-element elementor-element-58ab1df1 elementor-widget elementor-widget-heading\" data-id=\"58ab1df1\" data-element_type=\"widget\" data-e-type=\"widget\" data-widget_type=\"heading.default\">\n\t\t\t\t<div class=\"elementor-widget-container\">\n\t\t\t\t\t<h2 class=\"elementor-heading-title elementor-size-default\">Padel Paraisilla<\/h2>\t\t\t\t<\/div>\n\t\t\t\t<\/div>\n\t\t\t\t<div class=\"elementor-element elementor-element-327c3ee9 elementor-widget elementor-widget-text-editor\" data-id=\"327c3ee9\" data-element_type=\"widget\" data-e-type=\"widget\" data-widget_type=\"text-editor.default\">\n\t\t\t\t<div class=\"elementor-widget-container\">\n\t\t\t\t\t\t\t\t\t<p><span class=\"VIiyi\" lang=\"fi\"><span class=\"JLqJ4b ChMk0b\" data-language-for-alternatives=\"fi\" data-language-to-translate-into=\"sv\" data-phrase-index=\"0\" data-number-of-phrases=\"4\">Padel Paraisilla onnistuu hienosti l\u00e4mmitetyss\u00e4 padelhallissamme ymp\u00e4ri vuoden.<\/span> <span class=\"JLqJ4b ChMk0b\" data-language-for-alternatives=\"fi\" data-language-to-translate-into=\"sv\" data-phrase-index=\"1\" data-number-of-phrases=\"4\">Varaa aika ja tule pelaamaan!<\/span> Padel<span class=\"JLqJ4b ChMk0b\" data-language-for-alternatives=\"fi\" data-language-to-translate-into=\"sv\" data-phrase-index=\"2\" data-number-of-phrases=\"4\">peli on hyv\u00e4 liikuntamuoto, joka sopii kaiken ik\u00e4isille ja eri tasoisille pelaajille.<\/span> <span class=\"JLqJ4b ChMk0b\" data-language-for-alternatives=\"fi\" data-language-to-translate-into=\"sv\" data-phrase-index=\"3\" data-number-of-phrases=\"4\">Tervetuloa!<\/span><\/span><\/p>\t\t\t\t\t\t\t\t<\/div>\n\t\t\t\t<\/div>\n\t\t\t\t<div class=\"elementor-element elementor-element-68e5c33 elementor-mobile-align-center elementor-widget elementor-widget-button\" data-id=\"68e5c33\" data-element_type=\"widget\" data-e-type=\"widget\" data-widget_type=\"button.default\">\n\t\t\t\t<div class=\"elementor-widget-container\">\n\t\t\t\t\t\t\t\t\t<div class=\"elementor-button-wrapper\">\n\t\t\t\t\t<a class=\"elementor-button elementor-button-link elementor-size-md\" href=\"#hinnat\">\n\t\t\t\t\t\t<span class=\"elementor-button-content-wrapper\">\n\t\t\t\t\t\t\t\t\t<span class=\"elementor-button-text\">Varaukset &amp; Hinnat<\/span>\n\t\t\t\t\t<\/span>\n\t\t\t\t\t<\/a>\n\t\t\t\t<\/div>\n\t\t\t\t\t\t\t\t<\/div>\n\t\t\t\t<\/div>\n\t\t\t\t\t<\/div>\n\t\t<\/div>\n\t\t\t\t<div class=\"elementor-column elementor-col-50 elementor-top-column elementor-element elementor-element-13ed2533\" data-id=\"13ed2533\" data-element_type=\"column\" data-e-type=\"column\">\n\t\t\t<div class=\"elementor-widget-wrap\">\n\t\t\t\t\t\t\t<\/div>\n\t\t<\/div>\n\t\t\t\t\t<\/div>\n\t\t<\/section>\n\t\t\t\t<section class=\"elementor-section elementor-top-section elementor-element elementor-element-724b51ab elementor-section-content-middle elementor-reverse-mobile elementor-section-boxed elementor-section-height-default elementor-section-height-default\" data-id=\"724b51ab\" data-element_type=\"section\" data-e-type=\"section\" id=\"halli\">\n\t\t\t\t\t\t<div class=\"elementor-container elementor-column-gap-no\">\n\t\t\t\t\t<div class=\"elementor-column elementor-col-100 elementor-top-column elementor-element elementor-element-5cfbb34\" data-id=\"5cfbb34\" data-element_type=\"column\" data-e-type=\"column\">\n\t\t\t<div class=\"elementor-widget-wrap elementor-element-populated\">\n\t\t\t\t\t\t<div class=\"elementor-element elementor-element-72b4a46c elementor-widget elementor-widget-heading\" data-id=\"72b4a46c\" data-element_type=\"widget\" data-e-type=\"widget\" id=\"hallen\" data-widget_type=\"heading.default\">\n\t\t\t\t<div class=\"elementor-widget-container\">\n\t\t\t\t\t<h4 class=\"elementor-heading-title elementor-size-default\">Tietoa hallista<\/h4>\t\t\t\t<\/div>\n\t\t\t\t<\/div>\n\t\t\t\t<div class=\"elementor-element elementor-element-6db1ff6b elementor-widget elementor-widget-text-editor\" data-id=\"6db1ff6b\" data-element_type=\"widget\" data-e-type=\"widget\" data-widget_type=\"text-editor.default\">\n\t\t\t\t<div class=\"elementor-widget-container\">\n\t\t\t\t\t\t\t\t\t<p>Halli sijaitsee osoitteessa <a href=\"#loyda-meidat\">Voimakatu 3<\/a> Paraisilla ja koostuu yhdest\u00e4 pelikent\u00e4st\u00e4. Hallin kattokorkeus on noin 6-7 m. Pyrimme yll\u00e4pit\u00e4m\u00e4\u00e4n 15-19 asteeen l\u00e4mp\u00f6tila hallissa kylmimpien kuukausien aikana. Kes\u00e4isin saattaa olla huomattavasti l\u00e4mpim\u00e4mp\u00e4\u00e4.<\/p>\t\t\t\t\t\t\t\t<\/div>\n\t\t\t\t<\/div>\n\t\t\t\t\t<\/div>\n\t\t<\/div>\n\t\t\t\t\t<\/div>\n\t\t<\/section>\n\t\t\t\t<section class=\"elementor-section elementor-top-section elementor-element elementor-element-b28b5b9 elementor-section-content-top elementor-section-boxed elementor-section-height-default elementor-section-height-default\" data-id=\"b28b5b9\" data-element_type=\"section\" data-e-type=\"section\" id=\"pelaa\" data-settings=\"{&quot;background_background&quot;:&quot;classic&quot;}\">\n\t\t\t\t\t\t<div class=\"elementor-container elementor-column-gap-default\">\n\t\t\t\t\t<div class=\"elementor-column elementor-col-50 elementor-top-column elementor-element elementor-element-536eff88\" data-id=\"536eff88\" data-element_type=\"column\" data-e-type=\"column\">\n\t\t\t<div class=\"elementor-widget-wrap elementor-element-populated\">\n\t\t\t\t\t\t<div class=\"elementor-element elementor-element-1c88f87a elementor-widget elementor-widget-heading\" data-id=\"1c88f87a\" data-element_type=\"widget\" data-e-type=\"widget\" data-widget_type=\"heading.default\">\n\t\t\t\t<div class=\"elementor-widget-container\">\n\t\t\t\t\t<h2 class=\"elementor-heading-title elementor-size-default\">Miten pelataan?<\/h2>\t\t\t\t<\/div>\n\t\t\t\t<\/div>\n\t\t\t\t<div class=\"elementor-element elementor-element-574323ec elementor-widget elementor-widget-text-editor\" data-id=\"574323ec\" data-element_type=\"widget\" data-e-type=\"widget\" data-widget_type=\"text-editor.default\">\n\t\t\t\t<div class=\"elementor-widget-container\">\n\t\t\t\t\t\t\t\t\t<p>Normaalilla padelkent\u00e4ll\u00e4 (10x20m) pelaat aina tuplaa. Sama pistelaskenta kuin tenniksess\u00e4. Kent\u00e4n viivoja k\u00e4ytet\u00e4\u00e4n vain sy\u00f6tt\u00f6\u00f6n. Sinulla on kaksi sy\u00f6tt\u00f6vuoroa, alhaalta ly\u00f6d\u00e4\u00e4n ja pallo t\u00e4ytyy osua vastustajan kentt\u00e4\u00e4n. Pompun j\u00e4lkeen sy\u00f6t\u00f6ss\u00e4 pallo ei saa osua verkkosein\u00e4\u00e4n.<\/p><p>Pallo ei saa menn\u00e4 suoraan vastustajan sein\u00e4\u00e4n. Sy\u00f6t\u00f6n tulee pompata vastustajan ruutuun. Voit pelata volleyta (ei sy\u00f6t\u00f6ss\u00e4), puolivolleya tai antaa pallon pomppia lasisein\u00e4n kautta. Palloa saa my\u00f6s ly\u00f6d\u00e4 omaan lasisein\u00e4\u00e4n saadakseen sen vastustajien kent\u00e4n puolikkaalle. Et saa ly\u00f6d\u00e4 palloa verkkoon omalla puolellasi.<\/p>\t\t\t\t\t\t\t\t<\/div>\n\t\t\t\t<\/div>\n\t\t\t\t\t<\/div>\n\t\t<\/div>\n\t\t\t\t<div class=\"elementor-column elementor-col-50 elementor-top-column elementor-element elementor-element-f69052e\" data-id=\"f69052e\" data-element_type=\"column\" data-e-type=\"column\">\n\t\t\t<div class=\"elementor-widget-wrap elementor-element-populated\">\n\t\t\t\t\t\t<div class=\"elementor-element elementor-element-77ab78f0 elementor-widget elementor-widget-image\" data-id=\"77ab78f0\" data-element_type=\"widget\" data-e-type=\"widget\" data-widget_type=\"image.default\">\n\t\t\t\t<div class=\"elementor-widget-container\">\n\t\t\t\t\t\t\t\t\t\t\t\t\t\t\t<img fetchpriority=\"high\" decoding=\"async\" width=\"800\" height=\"533\" src=\"https:\/\/pargaspadelhall.fi\/wp-content\/uploads\/spela-pelaa-padel.jpg\" class=\"attachment-full size-full wp-image-929\" alt=\"Spela padel\" srcset=\"https:\/\/pargaspadelhall.fi\/wp-content\/uploads\/spela-pelaa-padel.jpg 800w, https:\/\/pargaspadelhall.fi\/wp-content\/uploads\/spela-pelaa-padel-300x200.jpg 300w, https:\/\/pargaspadelhall.fi\/wp-content\/uploads\/spela-pelaa-padel-768x512.jpg 768w\" sizes=\"(max-width: 800px) 100vw, 800px\" title=\"\">\t\t\t\t\t\t\t\t\t\t\t\t\t\t\t<\/div>\n\t\t\t\t<\/div>\n\t\t\t\t\t<\/div>\n\t\t<\/div>\n\t\t\t\t\t<\/div>\n\t\t<\/section>\n\t\t\t\t<section class=\"elementor-section elementor-top-section elementor-element elementor-element-51c3a3a7 elementor-section-content-middle elementor-section-boxed elementor-section-height-default elementor-section-height-default\" data-id=\"51c3a3a7\" data-element_type=\"section\" data-e-type=\"section\" id=\"hinnat\">\n\t\t\t\t\t\t<div class=\"elementor-container elementor-column-gap-no\">\n\t\t\t\t\t<div class=\"elementor-column elementor-col-100 elementor-top-column elementor-element elementor-element-76d12289\" data-id=\"76d12289\" data-element_type=\"column\" data-e-type=\"column\">\n\t\t\t<div class=\"elementor-widget-wrap elementor-element-populated\">\n\t\t\t\t\t\t<div class=\"elementor-element elementor-element-14956bed elementor-widget elementor-widget-heading\" data-id=\"14956bed\" data-element_type=\"widget\" data-e-type=\"widget\" data-widget_type=\"heading.default\">\n\t\t\t\t<div class=\"elementor-widget-container\">\n\t\t\t\t\t<h4 class=\"elementor-heading-title elementor-size-default\">Varaukset &amp; Hinnat<\/h4>\t\t\t\t<\/div>\n\t\t\t\t<\/div>\n\t\t\t\t<section class=\"elementor-section elementor-inner-section elementor-element elementor-element-2e3adf9 elementor-section-boxed elementor-section-height-default elementor-section-height-default\" data-id=\"2e3adf9\" data-element_type=\"section\" data-e-type=\"section\">\n\t\t\t\t\t\t<div class=\"elementor-container elementor-column-gap-extended\">\n\t\t\t\t\t<div class=\"elementor-column elementor-col-50 elementor-inner-column elementor-element elementor-element-08e1610\" data-id=\"08e1610\" data-element_type=\"column\" data-e-type=\"column\">\n\t\t\t<div class=\"elementor-widget-wrap elementor-element-populated\">\n\t\t\t\t\t\t<div class=\"elementor-element elementor-element-9a3fb29 elementor-cta--skin-classic elementor-animated-content elementor-bg-transform elementor-bg-transform-zoom-in elementor-widget elementor-widget-call-to-action\" data-id=\"9a3fb29\" data-element_type=\"widget\" data-e-type=\"widget\" data-widget_type=\"call-to-action.default\">\n\t\t\t\t<div class=\"elementor-widget-container\">\n\t\t\t\t\t\t\t<div class=\"elementor-cta\">\n\t\t\t\t\t<div class=\"elementor-cta__bg-wrapper\">\n\t\t\t\t<div class=\"elementor-cta__bg elementor-bg\" style=\"background-image: url(https:\/\/pargaspadelhall.fi\/wp-content\/uploads\/boka-varaa-padel.jpg);\" role=\"img\" aria-label=\"Boka padel\"><\/div>\n\t\t\t\t<div class=\"elementor-cta__bg-overlay\"><\/div>\n\t\t\t<\/div>\n\t\t\t\t\t\t\t<div class=\"elementor-cta__content\">\n\t\t\t\t\n\t\t\t\t\t\t\t\t\t<h4 class=\"elementor-cta__title elementor-cta__content-item elementor-content-item\">\n\t\t\t\t\t\tAjanvaraus verkossa\t\t\t\t\t<\/h4>\n\t\t\t\t\n\t\t\t\t\t\t\t\t\t<div class=\"elementor-cta__description elementor-cta__content-item elementor-content-item\">\n\t\t\t\t\t\tVaraa aika jopa 2 viikkoa etuk\u00e4teen uudessa varausj\u00e4rjestelm\u00e4ss\u00e4mme - MATCHi.\t\t\t\t\t<\/div>\n\t\t\t\t\n\t\t\t\t\t\t\t\t\t<div class=\"elementor-cta__button-wrapper elementor-cta__content-item elementor-content-item \">\n\t\t\t\t\t<a class=\"elementor-cta__button elementor-button elementor-size-\" href=\"https:\/\/www.matchi.se\/facilities\/pargaspadelhall?lang=fi\" target=\"_blank\" rel=\"noopener\">\n\t\t\t\t\t\tVaraa nyt\t\t\t\t\t<\/a>\n\t\t\t\t\t<\/div>\n\t\t\t\t\t\t\t<\/div>\n\t\t\t\t\t\t<\/div>\n\t\t\t\t\t\t<\/div>\n\t\t\t\t<\/div>\n\t\t\t\t\t<\/div>\n\t\t<\/div>\n\t\t\t\t<div class=\"elementor-column elementor-col-50 elementor-inner-column elementor-element elementor-element-d92fe3f\" data-id=\"d92fe3f\" data-element_type=\"column\" data-e-type=\"column\">\n\t\t\t<div class=\"elementor-widget-wrap elementor-element-populated\">\n\t\t\t\t\t\t<div class=\"elementor-element elementor-element-60455e4 elementor-widget elementor-widget-text-editor\" data-id=\"60455e4\" data-element_type=\"widget\" data-e-type=\"widget\" data-widget_type=\"text-editor.default\">\n\t\t\t\t<div class=\"elementor-widget-container\">\n\t\t\t\t\t\t\t\t\t<h3><span style=\"color: #ff0000;\">Huom!<\/span><\/h3><p>Otamme k\u00e4ytt\u00f6\u00f6n uuden ajanvarausj\u00e4rjestelm\u00e4n &#8221;MATCHi&#8221; 19.8.2024 alkaen. Sielt\u00e4 n\u00e4et vapaat ajat, hinnat jne.<\/p><p>Tutustu my\u00f6s Matchi-sovellukseen (saatavilla <a title=\"Matchi - App Store\" href=\"https:\/\/www.google.com\/url?sa=t&amp;rct=j&amp;q=&amp;esrc=s&amp;source=web&amp;cd=&amp;cad=rja&amp;uact=8&amp;ved=2ahUKEwjs0rfJ8fiHAxWJFxAIHUd5DY8QFnoECBcQAQ&amp;url=https%3A%2F%2Fapps.apple.com%2Ffi%2Fapp%2Fmatchi%2Fid720782039%3Fl%3Dfi&amp;usg=AOvVaw3JXhcFXmI2ZxxgdgGlOE8c&amp;opi=89978449\" target=\"_blank\" rel=\"nofollow noopener\">App Storesta<\/a> ja <a title=\"Matchi - Google Play\" href=\"https:\/\/www.google.com\/url?sa=t&amp;rct=j&amp;q=&amp;esrc=s&amp;source=web&amp;cd=&amp;ved=2ahUKEwiuvZnk8fiHAxWlGhAIHa4PJ4UQFnoECA8QAQ&amp;url=https%3A%2F%2Fplay.google.com%2Fstore%2Fapps%2Fdetails%3Fid%3Dcom.matchi%26hl%3Dfi&amp;usg=AOvVaw3bheZ67twePYgtVIecLqK8&amp;opi=89978449\" target=\"_blank\" rel=\"nofollow noopener\">Google Playsta<\/a>).<\/p><p>&#8211; &#8211; &#8211;<\/p><p>Mailat ja pallot lainattavissa veloituksetta varauksen aikana.<\/p><p><em>Huom! Vapaita vakiovuoroja voitte tiedustella ja varata\u00a0<a href=\"#meista\">Niklaksen kautta<\/a>.<\/em><\/p>\t\t\t\t\t\t\t\t<\/div>\n\t\t\t\t<\/div>\n\t\t\t\t<div class=\"elementor-element elementor-element-acb7f11 elementor-widget elementor-widget-text-editor\" data-id=\"acb7f11\" data-element_type=\"widget\" data-e-type=\"widget\" data-widget_type=\"text-editor.default\">\n\t\t\t\t<div class=\"elementor-widget-container\">\n\t\t\t\t\t\t\t\t\t<p><em>Pargas Padelhall Ab Oy pid\u00e4tt\u00e4\u00e4 oikeuden peruuttaa varauksia tapahtumien tai kilpailujen johdosta.<\/em><\/p>\t\t\t\t\t\t\t\t<\/div>\n\t\t\t\t<\/div>\n\t\t\t\t\t<\/div>\n\t\t<\/div>\n\t\t\t\t\t<\/div>\n\t\t<\/section>\n\t\t\t\t\t<\/div>\n\t\t<\/div>\n\t\t\t\t\t<\/div>\n\t\t<\/section>\n\t\t\t\t<section class=\"elementor-section elementor-top-section elementor-element elementor-element-17ce5439 elementor-section-full_width elementor-section-height-default elementor-section-height-default\" data-id=\"17ce5439\" data-element_type=\"section\" data-e-type=\"section\" id=\"loyda-meidat\" data-settings=\"{&quot;background_background&quot;:&quot;classic&quot;}\">\n\t\t\t\t\t\t<div class=\"elementor-container elementor-column-gap-no\">\n\t\t\t\t\t<div class=\"elementor-column elementor-col-100 elementor-top-column elementor-element elementor-element-6b211a17\" data-id=\"6b211a17\" data-element_type=\"column\" data-e-type=\"column\">\n\t\t\t<div class=\"elementor-widget-wrap elementor-element-populated\">\n\t\t\t\t\t\t<div class=\"elementor-element elementor-element-5809e6a4 elementor-widget elementor-widget-google_maps\" data-id=\"5809e6a4\" data-element_type=\"widget\" data-e-type=\"widget\" data-widget_type=\"google_maps.default\">\n\t\t\t\t<div class=\"elementor-widget-container\">\n\t\t\t\t\t\t\t<div class=\"elementor-custom-embed\">\n\t\t\t<iframe loading=\"lazy\"\n\t\t\t\t\tsrc=\"https:\/\/maps.google.com\/maps?q=Kraftgatan%203.%20Pargas&#038;t=m&#038;z=18&#038;output=embed&#038;iwloc=near\"\n\t\t\t\t\ttitle=\"Kraftgatan 3. Pargas\"\n\t\t\t\t\taria-label=\"Kraftgatan 3. Pargas\"\n\t\t\t><\/iframe>\n\t\t<\/div>\n\t\t\t\t\t\t<\/div>\n\t\t\t\t<\/div>\n\t\t\t\t<section class=\"elementor-section elementor-inner-section elementor-element elementor-element-276215ae elementor-section-content-middle elementor-section-boxed elementor-section-height-default elementor-section-height-default\" data-id=\"276215ae\" data-element_type=\"section\" data-e-type=\"section\" id=\"meista\">\n\t\t\t\t\t\t<div class=\"elementor-container elementor-column-gap-no\">\n\t\t\t\t\t<div class=\"elementor-column elementor-col-33 elementor-inner-column elementor-element elementor-element-44b9b52e\" data-id=\"44b9b52e\" data-element_type=\"column\" data-e-type=\"column\">\n\t\t\t<div class=\"elementor-widget-wrap elementor-element-populated\">\n\t\t\t\t\t\t<div class=\"elementor-element elementor-element-670917fe elementor-widget elementor-widget-heading\" data-id=\"670917fe\" data-element_type=\"widget\" data-e-type=\"widget\" data-widget_type=\"heading.default\">\n\t\t\t\t<div class=\"elementor-widget-container\">\n\t\t\t\t\t<h6 class=\"elementor-heading-title elementor-size-default\">Paikka<\/h6>\t\t\t\t<\/div>\n\t\t\t\t<\/div>\n\t\t\t\t<div class=\"elementor-element elementor-element-5f5b5d4f elementor-widget elementor-widget-text-editor\" data-id=\"5f5b5d4f\" data-element_type=\"widget\" data-e-type=\"widget\" data-widget_type=\"text-editor.default\">\n\t\t\t\t<div class=\"elementor-widget-container\">\n\t\t\t\t\t\t\t\t\t<p>Voimakatu 3<br \/>21600 PARAINEN<\/p>\t\t\t\t\t\t\t\t<\/div>\n\t\t\t\t<\/div>\n\t\t\t\t\t<\/div>\n\t\t<\/div>\n\t\t\t\t<div class=\"elementor-column elementor-col-33 elementor-inner-column elementor-element elementor-element-3fef65b2\" data-id=\"3fef65b2\" data-element_type=\"column\" data-e-type=\"column\">\n\t\t\t<div class=\"elementor-widget-wrap elementor-element-populated\">\n\t\t\t\t\t\t<div class=\"elementor-element elementor-element-56f6e956 elementor-widget elementor-widget-heading\" data-id=\"56f6e956\" data-element_type=\"widget\" data-e-type=\"widget\" data-widget_type=\"heading.default\">\n\t\t\t\t<div class=\"elementor-widget-container\">\n\t\t\t\t\t<h6 class=\"elementor-heading-title elementor-size-default\">Aukioloajat<\/h6>\t\t\t\t<\/div>\n\t\t\t\t<\/div>\n\t\t\t\t<div class=\"elementor-element elementor-element-8966c44 elementor-widget elementor-widget-text-editor\" data-id=\"8966c44\" data-element_type=\"widget\" data-e-type=\"widget\" data-widget_type=\"text-editor.default\">\n\t\t\t\t<div class=\"elementor-widget-container\">\n\t\t\t\t\t\t\t\t\t<p>06:00 &#8211; 24.00<br \/>Maanantai &#8211; Sunnuntai<\/p>\t\t\t\t\t\t\t\t<\/div>\n\t\t\t\t<\/div>\n\t\t\t\t\t<\/div>\n\t\t<\/div>\n\t\t\t\t<div class=\"elementor-column elementor-col-33 elementor-inner-column elementor-element elementor-element-1b6316bd\" data-id=\"1b6316bd\" data-element_type=\"column\" data-e-type=\"column\">\n\t\t\t<div class=\"elementor-widget-wrap elementor-element-populated\">\n\t\t\t\t\t\t<div class=\"elementor-element elementor-element-4ca9abf elementor-widget elementor-widget-heading\" data-id=\"4ca9abf\" data-element_type=\"widget\" data-e-type=\"widget\" data-widget_type=\"heading.default\">\n\t\t\t\t<div class=\"elementor-widget-container\">\n\t\t\t\t\t<h6 class=\"elementor-heading-title elementor-size-default\">Ota yhteytt\u00e4<\/h6>\t\t\t\t<\/div>\n\t\t\t\t<\/div>\n\t\t\t\t<div class=\"elementor-element elementor-element-6aa3b860 elementor-widget elementor-widget-text-editor\" data-id=\"6aa3b860\" data-element_type=\"widget\" data-e-type=\"widget\" data-widget_type=\"text-editor.default\">\n\t\t\t\t<div class=\"elementor-widget-container\">\n\t\t\t\t\t\t\t\t\t<p>Puhelin: 050 598 8583<br \/>S-posti: <a style=\"color: #ffffff; text-decoration: underline;\" href=\"mailto:niklas.westerlund75@gmail.com\">niklas.westerlund75@gmail.com<\/a><\/p>\t\t\t\t\t\t\t\t<\/div>\n\t\t\t\t<\/div>\n\t\t\t\t\t<\/div>\n\t\t<\/div>\n\t\t\t\t\t<\/div>\n\t\t<\/section>\n\t\t\t\t\t<\/div>\n\t\t<\/div>\n\t\t\t\t\t<\/div>\n\t\t<\/section>\n\t\t\t\t<section class=\"elementor-section elementor-top-section elementor-element elementor-element-4786efe elementor-section-boxed elementor-section-height-default elementor-section-height-default\" data-id=\"4786efe\" data-element_type=\"section\" data-e-type=\"section\">\n\t\t\t\t\t\t<div class=\"elementor-container elementor-column-gap-default\">\n\t\t\t\t\t<div class=\"elementor-column elementor-col-100 elementor-top-column elementor-element elementor-element-c5f4322\" data-id=\"c5f4322\" data-element_type=\"column\" data-e-type=\"column\">\n\t\t\t<div class=\"elementor-widget-wrap elementor-element-populated\">\n\t\t\t\t\t\t<div class=\"elementor-element elementor-element-ccb995e elementor-shape-rounded elementor-grid-0 e-grid-align-center elementor-widget elementor-widget-social-icons\" data-id=\"ccb995e\" data-element_type=\"widget\" data-e-type=\"widget\" data-widget_type=\"social-icons.default\">\n\t\t\t\t<div class=\"elementor-widget-container\">\n\t\t\t\t\t\t\t<div class=\"elementor-social-icons-wrapper elementor-grid\" role=\"list\">\n\t\t\t\t\t\t\t<span class=\"elementor-grid-item\" role=\"listitem\">\n\t\t\t\t\t<a class=\"elementor-icon elementor-social-icon elementor-social-icon-facebook elementor-repeater-item-b11d627\" href=\"https:\/\/www.facebook.com\/pargaspadelhall\/\" target=\"_blank\" rel=\"noopener\">\n\t\t\t\t\t\t<span class=\"elementor-screen-only\">Facebook<\/span>\n\t\t\t\t\t\t<i aria-hidden=\"true\" class=\"fab fa-facebook\"><\/i>\t\t\t\t\t<\/a>\n\t\t\t\t<\/span>\n\t\t\t\t\t\t\t<span class=\"elementor-grid-item\" role=\"listitem\">\n\t\t\t\t\t<a class=\"elementor-icon elementor-social-icon elementor-social-icon-instagram elementor-repeater-item-94d0ae7\" href=\"https:\/\/www.instagram.com\/pargaspadelhall\" target=\"_blank\" rel=\"noopener\">\n\t\t\t\t\t\t<span class=\"elementor-screen-only\">Instagram<\/span>\n\t\t\t\t\t\t<i aria-hidden=\"true\" class=\"fab fa-instagram\"><\/i>\t\t\t\t\t<\/a>\n\t\t\t\t<\/span>\n\t\t\t\t\t<\/div>\n\t\t\t\t\t\t<\/div>\n\t\t\t\t<\/div>\n\t\t\t\t\t<\/div>\n\t\t<\/div>\n\t\t\t\t\t<\/div>\n\t\t<\/section>\n\t\t\t\t<\/div>\n\t\t","protected":false},"excerpt":{"rendered":"<p>Padel Paraisilla Padel Paraisilla onnistuu hienosti l\u00e4mmitetyss\u00e4 padelhallissamme ymp\u00e4ri vuoden. Varaa aika ja tule pelaamaan! Padelpeli on hyv\u00e4 liikuntamuoto, joka sopii kaiken ik\u00e4isille ja eri tasoisille pelaajille. Tervetuloa! Varaukset &#038; Hinnat Tietoa hallista Halli sijaitsee osoitteessa Voimakatu 3 Paraisilla ja koostuu yhdest\u00e4 pelikent\u00e4st\u00e4. Hallin kattokorkeus on noin 6-7 m. Pyrimme yll\u00e4pit\u00e4m\u00e4\u00e4n 15-19 asteeen l\u00e4mp\u00f6tila hallissa [&hellip;]<\/p>\n","protected":false},"author":1,"featured_media":0,"parent":0,"menu_order":0,"comment_status":"closed","ping_status":"closed","template":"elementor_header_footer","meta":{"footnotes":""},"class_list":["post-24","page","type-page","status-publish","hentry"],"_links":{"self":[{"href":"https:\/\/pargaspadelhall.fi\/fi\/wp-json\/wp\/v2\/pages\/24","targetHints":{"allow":["GET"]}}],"collection":[{"href":"https:\/\/pargaspadelhall.fi\/fi\/wp-json\/wp\/v2\/pages"}],"about":[{"href":"https:\/\/pargaspadelhall.fi\/fi\/wp-json\/wp\/v2\/types\/page"}],"author":[{"embeddable":true,"href":"https:\/\/pargaspadelhall.fi\/fi\/wp-json\/wp\/v2\/users\/1"}],"replies":[{"embeddable":true,"href":"https:\/\/pargaspadelhall.fi\/fi\/wp-json\/wp\/v2\/comments?post=24"}],"version-history":[{"count":35,"href":"https:\/\/pargaspadelhall.fi\/fi\/wp-json\/wp\/v2\/pages\/24\/revisions"}],"predecessor-version":[{"id":1093,"href":"https:\/\/pargaspadelhall.fi\/fi\/wp-json\/wp\/v2\/pages\/24\/revisions\/1093"}],"wp:attachment":[{"href":"https:\/\/pargaspadelhall.fi\/fi\/wp-json\/wp\/v2\/media?parent=24"}],"curies":[{"name":"wp","href":"https:\/\/api.w.org\/{rel}","templated":true}]}}